{"id":5080,"date":"2021-04-09T13:17:00","date_gmt":"2021-04-09T10:17:00","guid":{"rendered":"https:\/\/www.luuvcosmetics.com\/kohaletoimetamine\/"},"modified":"2022-08-21T00:24:46","modified_gmt":"2022-08-20T21:24:46","slug":"delivery","status":"publish","type":"page","link":"https:\/\/www.luuvcosmetics.com\/en\/delivery\/","title":{"rendered":"Delivery"},"content":{"rendered":"<p>Pakume transporti <a href=\"https:\/\/www.omniva.ee\/\" target=\"_blank\" rel=\"noopener\">Omniva pakiautomaatidesse<\/a>&nbsp;ja <a href=\"https:\/\/www.smartpost.ee\/\" target=\"_blank\" rel=\"noopener\">Itella SmartPost pakiautomaatidesse<\/a> \u00fcle Eesti. Teenuse hind 2.99\u20ac koos k\u00e4ibemaksuga. Kui Sa ei leia endale sobivat Omniva v\u00f5i Itella pakiautomaati, siis kirjuta meile abi@luuv.ee ja leiame lahenduse.<\/p>\n<p><strong>NB!<\/strong> Tungivalt soovitame Omniva pakiautomaate mitte kasutada kui temperatuur on alla 0\u00b0C v\u00f5i \u00fcle +23\u00b0C &#8211; nahahooldustooted ei kannata suuri temperauurimuutusi\/l\u00e4bik\u00fclmumist. Vasutus j\u00e4\u00e4b tellijale.<\/p>\n<p><strong>Kohaletoimetamise aeg<br \/>\n<\/strong>Veebipoes olemasolev kaup edastatakse alates ostu eest tasumise hetkest 1 t\u00f6\u00f6p\u00e4eva jooksul transporditeenuse ettev\u00f5ttele.<\/p>\n<p><strong>Tarnetingimused<br \/>\n<\/strong>Peale lepingu j\u00f5ustumist toimetatakse kaubad tellitud aadressile vastavalt tellimistingimustele.&nbsp;Juhul kui <a href=\"https:\/\/www.luuvcosmetics.com\/en\/\">luuv.ee<\/a> ei suuda kaupasid tarnida eelnevalt lubatud ajal meist mitte olenevatel p\u00f5hjustel (toode on ajutiselt laost otsas, hilineb tootja p\u00f5hjusel) informeerime Sind esimesel v\u00f5imalusel e-kirja v\u00f5i telefoni teel ning anname teada eeldatava uue tarneaja. Juhul kui Sa ei ole enam tootest huvitatud, on Sul \u00f5igus tellimusest taganeda ning <a href=\"https:\/\/www.luuvcosmetics.com\/en\/\">luuv.ee<\/a> tagastab tasutud summa koos transpordi maksumusega.<br \/>\nSaadetis toimetatakse tellimuse vormistamisel m\u00e4rgitud aadressile &#8211; sihtkoha hilisem muutmine ei ole v\u00f5imalik.<br \/>\nPalun j\u00e4lgi tellimuse vormistamisel esitatavate kontaktandmete \u00f5igsust v\u00e4ltimaks viivitusi ja arusaamatusi toodete kohaletoimetamisel. <a href=\"https:\/\/www.luuvcosmetics.com\/en\/\">Luuv.ee<\/a> ei vastuta toodete kohaletoimetamise viivituse ja tekkinud arusaamatuste eest juhul, kui viivitus v\u00f5i arusaamatus on tingitud tellimuse vormistamisel esitatud andmete ebat\u00e4psusest v\u00f5i eba\u00f5igsusest.<br \/>\nSaadetise k\u00e4ttesaamisel veendu koheselt, et kaup ei oleks rikutud. Vigastuste ilmnemisel tuleb need koheselt fikseerida ja meile teatada e-posti aadressil abi@luuv.ee.<\/p>\n<p><strong>14-p\u00e4evane tagastus\u00f5igus avamata\/kasutamata kaubale!<\/strong><\/p>\n<p>Kui Sa ei ole ostetud kaubaga 100% rahul, siis on v\u00f5imalus see 14 p\u00e4eva jooksul, alates ostukuup\u00e4evast, tagastada v\u00f5i \u00fcmber vahetada (V\u00d5S \u00a7 56), kaup peab olema originaalpakendis ja mitte kasutatud. Kosmeetikatoodete puhul peab olema toode avamata!<\/p>\n","protected":false},"excerpt":{"rendered":"<p>Pakume transporti Omniva pakiautomaatidesse&nbsp;ja Itella SmartPost pakiautomaatidesse \u00fcle Eesti. Teenuse hind 2.99\u20ac koos k\u00e4ibemaksuga. Kui Sa ei leia endale sobivat Omniva v\u00f5i Itella pakiautomaati, siis kirjuta meile abi@luuv.ee ja leiame  [&#8230;]<\/p>\n","protected":false},"author":1,"featured_media":0,"parent":0,"menu_order":0,"comment_status":"closed","ping_status":"closed","template":"","meta":{"_acf_changed":false,"rs_blank_template":"","rs_page_bg_color":"","slide_template_v7":"","footnotes":""},"class_list":["post-5080","page","type-page","status-publish","hentry"],"acf":[],"_links":{"self":[{"href":"https:\/\/www.luuvcosmetics.com\/en\/wp-json\/wp\/v2\/pages\/5080","targetHints":{"allow":["GET"]}}],"collection":[{"href":"https:\/\/www.luuvcosmetics.com\/en\/wp-json\/wp\/v2\/pages"}],"about":[{"href":"https:\/\/www.luuvcosmetics.com\/en\/wp-json\/wp\/v2\/types\/page"}],"author":[{"embeddable":true,"href":"https:\/\/www.luuvcosmetics.com\/en\/wp-json\/wp\/v2\/users\/1"}],"replies":[{"embeddable":true,"href":"https:\/\/www.luuvcosmetics.com\/en\/wp-json\/wp\/v2\/comments?post=5080"}],"version-history":[{"count":0,"href":"https:\/\/www.luuvcosmetics.com\/en\/wp-json\/wp\/v2\/pages\/5080\/revisions"}],"wp:attachment":[{"href":"https:\/\/www.luuvcosmetics.com\/en\/wp-json\/wp\/v2\/media?parent=5080"}],"curies":[{"name":"wp","href":"https:\/\/api.w.org\/{rel}","templated":true}]}}